{"id":8,"date":"2017-01-30T03:39:36","date_gmt":"2017-01-30T03:39:36","guid":{"rendered":"https:\/\/demo.themegrill.com\/flash-construction-2\/?page_id=8"},"modified":"2021-06-17T08:51:55","modified_gmt":"2021-06-17T06:51:55","slug":"about","status":"publish","type":"page","link":"https:\/\/kn-immo.fr\/index.php\/about\/","title":{"rendered":"Nous"},"content":{"rendered":"<div id=\"pl-8\"  class=\"panel-layout\" ><div id=\"pg-8-0\"  class=\"panel-grid panel-has-style\" ><div class=\"so-parallax siteorigin-panels-stretch panel-row-style panel-row-style-for-8-0\" data-stretch-type=\"full\" ><img width=\"1920\" height=\"1000\" src=\"https:\/\/kn-immo.fr\/wp-content\/uploads\/2017\/01\/background-2.jpg\" class=\"attachment-full size-full\" alt=\"\" loading=\"eager\" data-siteorigin-parallax=\"true\" srcset=\"https:\/\/kn-immo.fr\/wp-content\/uploads\/2017\/01\/background-2.jpg 1920w, https:\/\/kn-immo.fr\/wp-content\/uploads\/2017\/01\/background-2-300x156.jpg 300w, https:\/\/kn-immo.fr\/wp-content\/uploads\/2017\/01\/background-2-1024x533.jpg 1024w, https:\/\/kn-immo.fr\/wp-content\/uploads\/2017\/01\/background-2-768x400.jpg 768w, https:\/\/kn-immo.fr\/wp-content\/uploads\/2017\/01\/background-2-1536x800.jpg 1536w\" sizes=\"(max-width: 1920px) 100vw, 1920px\" \/><div id=\"pgc-8-0-0\"  class=\"panel-grid-cell\" ><div id=\"panel-8-0-0-0\" class=\"so-panel widget widget_siteorigin-panels-builder panel-first-child panel-last-child\" data-index=\"0\" ><div id=\"pl-w60caf10b622af\"  class=\"panel-layout\" ><div id=\"pg-w60caf10b622af-0\"  class=\"panel-grid panel-no-style\" ><div id=\"pgc-w60caf10b622af-0-0\"  class=\"panel-grid-cell\" ><div id=\"panel-w60caf10b622af-0-0-0\" class=\"so-panel widget widget_text panel-first-child panel-last-child\" data-index=\"0\" ><h3 class=\"widget-title\">KN-IMMO L&#8217;immobilier autrement\u2026<\/h3>\t\t\t<div class=\"textwidget\"><p>Avec KN-IMMO, ne cherchez plus le coup de c\u0153ur, c'est lui qui vient \u00e0 vous ! Faire de l'immobilier autrement, c'est \u00eatre \u00e0 votre \u00e9coute pour vous apporter le bien dont vous r\u00eavez ou vous aider \u00e0 vendre ou \u00e0 louer dans les meilleures conditions\u2026<\/p><\/div>\n\t\t<\/div><\/div><\/div><div id=\"pg-w60caf10b622af-1\"  class=\"panel-grid panel-no-style\" ><div id=\"pgc-w60caf10b622af-1-0\"  class=\"panel-grid-cell\" ><div id=\"panel-w60caf10b622af-1-0-0\" class=\"so-panel widget widget_themegrill_flash_image tg-widget tg-image-widget panel-first-child panel-last-child\" data-index=\"1\" >\t<img src=\"https:\/\/kn-immo.fr\/wp-content\/uploads\/2021\/05\/appartement-KN-Immo-carre.jpg\" \/>\n<\/div><\/div><div id=\"pgc-w60caf10b622af-1-1\"  class=\"panel-grid-cell\" ><div id=\"panel-w60caf10b622af-1-1-0\" class=\"so-panel widget widget_themegrill_flash_image tg-widget tg-image-widget panel-first-child\" data-index=\"2\" >\t<img src=\"https:\/\/themegrilldemos.com\/flash-construction-v2\/wp-content\/uploads\/sites\/40\/2017\/01\/about-image2-1.jpg\" \/>\n<\/div><div id=\"panel-w60caf10b622af-1-1-1\" class=\"so-panel widget widget_themegrill_flash_image tg-widget tg-image-widget panel-last-child\" data-index=\"3\" ><div class=\"panel-widget-style panel-widget-style-for-w60caf10b622af-1-1-1\" >\t<img src=\"https:\/\/kn-immo.fr\/wp-content\/uploads\/2021\/05\/Rouge-maison.jpg\" \/>\n<\/div><\/div><\/div><\/div><div id=\"pg-w60caf10b622af-2\"  class=\"panel-grid panel-has-style\" ><div class=\"panel-row-style panel-row-style-for-w60caf10b622af-2\" ><div id=\"pgc-w60caf10b622af-2-0\"  class=\"panel-grid-cell\" ><div id=\"panel-w60caf10b622af-2-0-0\" class=\"so-panel widget widget_text panel-first-child panel-last-child\" data-index=\"4\" >\t\t\t<div class=\"textwidget\"><p>KN-IMMO, c'est plus de 15 ann\u00e9es d'exp\u00e9rience dans la vente et l'expertise immobili\u00e8re. Nicolas Kojfer sera votre interlocuteur privil\u00e9gi\u00e9 et mettra tout son savoir-faire d'agent immobilier \u00e0 votre service. Pour vous d\u00e9gotter le bien coup de c\u0153ur qui va vous faire chavirer ou vendre votre bien en un temps record\u2026 vous pouvez vraiment compter sur lui !<\/p>\nKN-Immo c'est aussi et surtout une d\u00e9marche affective et humaine. Conscients qu'un achat immobilier est bien souvent le projet de toute une vie, nous mettons un point d'honneur \u00e0 comprendre tous les enjeux de votre demande. Achat coup de c\u0153ur, primo-acc\u00e9dant, location, gestion immobili\u00e8re\u2026 Quelle que soit votre demande nous r\u00e9pondons plus que pr\u00e9sents !<\/div>\n\t\t<\/div><\/div><\/div><\/div><div id=\"pg-w60caf10b622af-3\"  class=\"panel-grid panel-no-style\" ><div id=\"pgc-w60caf10b622af-3-0\"  class=\"panel-grid-cell\" ><div id=\"panel-w60caf10b622af-3-0-0\" class=\"so-panel widget widget_themegrill_flash_service tg-widget tg-single-service panel-first-child panel-last-child\" data-index=\"5\" >\n<div class=\"tg-service-widget tg-service-layout-1\">\n\t<div class=\"service-wrapper\">\n\t\t<div class=\"service-icon-title-wrapper clearfix\">\n\t\t\t\t\t\t\t\t\t<figure class=\"service-image-wrap\"><img src=\"https:\/\/kn-immo.fr\/wp-content\/uploads\/2021\/04\/HOME-Slider1-11.jpg\" \/><\/figure>\n\t\t\t\t\t\t\t\t\t<h3 class=\"service-title-wrap\">\n\t\t\t\tNotre mission\t\t\t\t\t\t\t<\/h3>\n\t\t\t\t\t<\/div>\n\t\t\t\t<div class=\"service-content-wrap\">Mettre tout en \u0153uvre pour concr\u00e9tiser votre projet immobilier en vous offrant un service de qualit\u00e9 irr\u00e9prochable et une bienveillance  de chaque instant. Car faire de l'immobilier autrement, c'est \u00eatre aux petits soins pour vous !<\/div>\n\t\t\t\t\t<\/div>\n<\/div>\n<\/div><\/div><div id=\"pgc-w60caf10b622af-3-1\"  class=\"panel-grid-cell\" ><div id=\"panel-w60caf10b622af-3-1-0\" class=\"so-panel widget widget_themegrill_flash_service tg-widget tg-single-service panel-first-child panel-last-child\" data-index=\"6\" >\n<div class=\"tg-service-widget tg-service-layout-1\">\n\t<div class=\"service-wrapper\">\n\t\t<div class=\"service-icon-title-wrapper clearfix\">\n\t\t\t\t\t\t\t\t\t<figure class=\"service-image-wrap\"><img src=\"https:\/\/kn-immo.fr\/wp-content\/uploads\/2021\/04\/HOME-Slider2-4.jpg\" \/><\/figure>\n\t\t\t\t\t\t\t\t\t<h3 class=\"service-title-wrap\">\n\t\t\t\tNotre positionnement\t\t\t\t\t\t\t<\/h3>\n\t\t\t\t\t<\/div>\n\t\t\t\t<div class=\"service-content-wrap\">En tant qu' agents immobiliers ind\u00e9pendants, nous ne sommes pas fix\u00e9s sur un secteur g\u00e9ographique, ce qui nous permet de trouver votre bonheur dans un rayon de 30km autour de Lille ! Notre ind\u00e9pendance nous permet \u00e9galement de choisir les projets qui nous tiennent et qui vous tiendront tout particuli\u00e8rement \u00e0 c\u0153ur. <\/div>\n\t\t\t\t\t<\/div>\n<\/div>\n<\/div><\/div><\/div><div id=\"pg-w60caf10b622af-4\"  class=\"panel-grid panel-no-style\" ><div id=\"pgc-w60caf10b622af-4-0\"  class=\"panel-grid-cell\" ><div id=\"panel-w60caf10b622af-4-0-0\" class=\"so-panel widget widget_themegrill_flash_heading tg-widget section-title-wrapper panel-first-child panel-last-child\" data-index=\"7\" >\t<h3 class=\"section-title\">NOTRE \u00c9QUIPE<\/h3>\n<\/div><\/div><\/div><div id=\"pg-w60caf10b622af-5\"  class=\"panel-grid panel-no-style\" ><div id=\"pgc-w60caf10b622af-5-0\"  class=\"panel-grid-cell\" ><div id=\"panel-w60caf10b622af-5-0-0\" class=\"so-panel widget widget_themegrill_flash_team tg-widget tg-single-team panel-first-child panel-last-child\" data-index=\"8\" ><div class=\"tg-team-widget tg-team-layout-2\">\n\t<div class=\"team-wrapper\">\n\t\t\t\t<div class=\"team-content-wrapper\">\n\t\t\t<div class=\"team-desc-wrapper\">\n\t\t\t\t<h3 class=\"team-title\">NICOLAS KOJFER<\/h3>\n\t\t\t\t<div class=\"team-designation\">VOTRE EXPERT EN IMMOBILIER<\/div>\n\t\t\t\t<div class=\"team-content\">Avec 15 ans d'exp\u00e9rience en agence immobili\u00e8re, je d\u00e9cide en janvier 2021 de cr\u00e9er KN-Immo une agence immobili\u00e8re nouvelle g\u00e9n\u00e9ration qui place le respect des valeurs humaines avant le profit. KN-Immo est un r\u00e9seau de travailleurs ind\u00e9pendants experts dans l'immobilier, qui mettent leur savoir-faire \u00e0 votre service !<\/div>\n\t\t\t\t\t\t\t<\/div>\n\t\t<\/div>\n\t<\/div>\n<\/div>\n<\/div><\/div><div id=\"pgc-w60caf10b622af-5-1\"  class=\"panel-grid-cell\" ><div id=\"panel-w60caf10b622af-5-1-0\" class=\"so-panel widget widget_themegrill_flash_team tg-widget tg-single-team panel-first-child panel-last-child\" data-index=\"9\" ><div class=\"tg-team-widget tg-team-layout-2\">\n\t<div class=\"team-wrapper\">\n\t\t\t\t<div class=\"team-content-wrapper\">\n\t\t\t<div class=\"team-desc-wrapper\">\n\t\t\t\t<h3 class=\"team-title\">C\u00c9LINE KOJFER<\/h3>\n\t\t\t\t<div class=\"team-designation\">CHEF DE PROJET ET SUIVI DE DOSSIER<\/div>\n\t\t\t\t<div class=\"team-content\">C\u00e9line Kojfer a en charge la bonne r\u00e9alisation de votre projet immobilier. C'est elle qui monte et suit pas \u00e0 pas votre dossier, pour que notre r\u00e9ponse soit en tout point fid\u00e8le \u00e0 votre demande.\nCar \u00eatre aux petits soins pour vous requi\u00e8re une attention de chaque instant.<\/div>\n\t\t\t\t\t\t\t<\/div>\n\t\t<\/div>\n\t<\/div>\n<\/div>\n<\/div><\/div><div id=\"pgc-w60caf10b622af-5-2\"  class=\"panel-grid-cell\" ><div id=\"panel-w60caf10b622af-5-2-0\" class=\"so-panel widget widget_themegrill_flash_team tg-widget tg-single-team panel-first-child panel-last-child\" data-index=\"10\" ><div class=\"tg-team-widget tg-team-layout-2\">\n\t<div class=\"team-wrapper\">\n\t\t\t\t<div class=\"team-content-wrapper\">\n\t\t\t<div class=\"team-desc-wrapper\">\n\t\t\t\t<h3 class=\"team-title\">BAKARY FAMANTA<\/h3>\n\t\t\t\t<div class=\"team-designation\">GESTION DES ANNONCES ET DE LA COMMUNICATION<\/div>\n\t\t\t\t<div class=\"team-content\">Sans une bonne communication, votre projet immobilier aura du mal \u00e0 sortir du lot. Gr\u00e2ce \u00e0 notre expert en publicit\u00e9, nous cr\u00e9ons des outils de communication \u00e0 forts pouvoirs \u00e9motionnels qui garantissent un impact et une mise en lumi\u00e8re imm\u00e9diate de votre projet ! <\/div>\n\t\t\t\t\t\t\t<\/div>\n\t\t<\/div>\n\t<\/div>\n<\/div>\n<\/div><\/div><\/div><\/div><\/div><\/div><\/div><\/div><div id=\"pg-8-1\"  class=\"panel-grid panel-has-style\" ><div class=\"siteorigin-panels-stretch panel-row-style panel-row-style-for-8-1\" data-stretch-type=\"full\" ><div id=\"pgc-8-1-0\"  class=\"panel-grid-cell\" ><div id=\"panel-8-1-0-0\" class=\"so-panel widget widget_themegrill_flash_cta tg-widget call-to-action-section panel-first-child panel-last-child\" data-index=\"1\" ><div class=\"panel-widget-style panel-widget-style-for-8-1-0-0\" ><div class=\"cta-wrapper call-to-action-section-layout-2\">\n\t<div class=\"section-title-wrapper\">\n\t\t\t\t<h3 class=\"section-title\">UNE QUESTION ? UN PROJET ?<\/h3>\n\t\t\t<\/div>\n\t\t<div class=\"btn-wrapper\">\n\t\t\t\t<a class=\"btn\" href=\"https:\/\/themegrilldemos.com\/flash-construction-v2\/contact\/\">CONTACTEZ-NOUS<\/a>\n\t\t\t\t\t<\/div>\n\t<\/div>\n<\/div><\/div><\/div><\/div><\/div><\/div>","protected":false},"excerpt":{"rendered":"<p>KN-IMMO L&#8217;immobilier autrement\u2026 Avec KN-IMMO, ne cherchez plus le coup de c\u0153ur, c&#8217;est lui qui vient \u00e0 vous ! Faire [&hellip;]<\/p>\n","protected":false},"author":1,"featured_media":0,"parent":0,"menu_order":0,"comment_status":"closed","ping_status":"closed","template":"page-templates\/pagebuilder.php","meta":[],"_links":{"self":[{"href":"https:\/\/kn-immo.fr\/index.php\/wp-json\/wp\/v2\/pages\/8"}],"collection":[{"href":"https:\/\/kn-immo.fr\/index.php\/wp-json\/wp\/v2\/pages"}],"about":[{"href":"https:\/\/kn-immo.fr\/index.php\/wp-json\/wp\/v2\/types\/page"}],"author":[{"embeddable":true,"href":"https:\/\/kn-immo.fr\/index.php\/wp-json\/wp\/v2\/users\/1"}],"replies":[{"embeddable":true,"href":"https:\/\/kn-immo.fr\/index.php\/wp-json\/wp\/v2\/comments?post=8"}],"version-history":[{"count":45,"href":"https:\/\/kn-immo.fr\/index.php\/wp-json\/wp\/v2\/pages\/8\/revisions"}],"predecessor-version":[{"id":501,"href":"https:\/\/kn-immo.fr\/index.php\/wp-json\/wp\/v2\/pages\/8\/revisions\/501"}],"wp:attachment":[{"href":"https:\/\/kn-immo.fr\/index.php\/wp-json\/wp\/v2\/media?parent=8"}],"curies":[{"name":"wp","href":"https:\/\/api.w.org\/{rel}","templated":true}]}}