{"id":18,"date":"2017-01-30T03:42:19","date_gmt":"2017-01-30T03:42:19","guid":{"rendered":"https:\/\/demo.themegrill.com\/flash-construction-2\/?page_id=18"},"modified":"2021-06-15T15:42:19","modified_gmt":"2021-06-15T13:42:19","slug":"contact","status":"publish","type":"page","link":"https:\/\/kn-immo.fr\/index.php\/contact\/","title":{"rendered":"Contact"},"content":{"rendered":"<div id=\"pl-18\"  class=\"panel-layout\" ><div id=\"pg-18-0\"  class=\"panel-grid panel-has-style\" ><div class=\"siteorigin-panels-stretch panel-row-style panel-row-style-for-18-0\" data-stretch-type=\"full\" ><div id=\"pgc-18-0-0\"  class=\"panel-grid-cell\" ><div id=\"panel-18-0-0-0\" class=\"so-panel widget widget_siteorigin-panels-builder panel-first-child panel-last-child\" data-index=\"0\" ><div id=\"pl-w60c8ae2868860\"  class=\"panel-layout\" ><div id=\"pg-w60c8ae2868860-0\"  class=\"panel-grid panel-no-style\" ><div id=\"pgc-w60c8ae2868860-0-0\"  class=\"panel-grid-cell\" ><div id=\"panel-w60c8ae2868860-0-0-0\" class=\"so-panel widget widget_themegrill_flash_heading tg-widget section-title-wrapper panel-first-child\" data-index=\"0\" >\t<h3 class=\"section-title\">Contactez-nous !<\/h3>\n<\/div><div id=\"panel-w60c8ae2868860-0-0-1\" class=\"so-panel widget widget_text panel-last-child\" data-index=\"1\" ><h3 class=\"widget-title\">Rendez-vous dans la vraie vie\u2026<\/h3>\t\t\t<div class=\"textwidget\"><p>Une question ? Un projet ? Ou tout simplement envie de nous rencontrer ? L'\u00e9quipe KN-Immo est une agence immobili\u00e8re \u00e0 taille humaine qui adore par dessus tout rencontrer des porteurs de projets. Que vous soyez propri\u00e9taire, acheteur ou locataire, nous sommes \u00e0 votre enti\u00e8re disposition et restons \u00e0 votre \u00e9coute\u2026<\/p>\n<p>N'h\u00e9sitez pas \u00e0 nous contacter en remplissant le formulaire ci-dessous.\n \nVous pouvez \u00e9galement nous contacter par t\u00e9l\u00e9phone au : 0673037474. Si nous ne sommes pas joignables, laissez un message sur notre r\u00e9pondeur et nous nous engageons \u00e0 vous recontacter dans la journ\u00e9e.<\/p><\/div>\n\t\t<\/div><\/div><\/div><div id=\"pg-w60c8ae2868860-1\"  class=\"panel-grid panel-no-style\" ><div id=\"pgc-w60c8ae2868860-1-0\"  class=\"panel-grid-cell\" ><div id=\"panel-w60c8ae2868860-1-0-0\" class=\"so-panel widget widget_text panel-first-child panel-last-child\" data-index=\"2\" ><h3 class=\"widget-title\">Adresse Si\u00e8ge Social<\/h3>\t\t\t<div class=\"textwidget\"><span>21 Ter route Nationale<\/span><\/br>\n<span>59320 Enneti\u00e8res en Weppes.<\/span><\/br>\n<\/div>\n\t\t<\/div><\/div><div id=\"pgc-w60c8ae2868860-1-1\"  class=\"panel-grid-cell\" ><div id=\"panel-w60c8ae2868860-1-1-0\" class=\"so-panel widget widget_text panel-first-child panel-last-child\" data-index=\"3\" ><div class=\"panel-widget-style panel-widget-style-for-w60c8ae2868860-1-1-0\" ><h3 class=\"widget-title\">Heures d&#8217;ouverture<\/h3>\t\t\t<div class=\"textwidget\"><span>Du Lundi au samedi-9:00 - 20:00<\/br>Visites uniquement sur rendez-vous<\/span><\/div>\n\t\t<\/div><\/div><\/div><div id=\"pgc-w60c8ae2868860-1-2\"  class=\"panel-grid-cell\" ><div id=\"panel-w60c8ae2868860-1-2-0\" class=\"so-panel widget widget_text panel-first-child panel-last-child\" data-index=\"4\" ><h3 class=\"widget-title\">Formulaire de prise de Rendez-vous\u2026<\/h3>\t\t\t<div class=\"textwidget\"><p>&nbsp;<\/p>\n<div class=\"everest-forms\"><div class=\"evf-container default\" id=\"evf-129\"><form id=\"evf-form-129\" class=\"everest-form\" data-formid=\"129\" data-ajax_submission=\"0\" method=\"post\" enctype=\"multipart\/form-data\" action=\"\/index.php\/wp-json\/wp\/v2\/pages\/18\"><div class=\"evf-field-container\"><input type=\"hidden\" id=\"_wpnonce\" name=\"_wpnonce\" value=\"dae3208e39\" \/><input type=\"hidden\" name=\"_wp_http_referer\" value=\"\/index.php\/wp-json\/wp\/v2\/pages\/18\" \/><div class=\"evf-frontend-row\" data-row=\"row_1\"><div class=\"evf-frontend-grid evf-grid-1\" data-grid=\"grid_1\"><div id=\"evf-129-field_name-container\" class=\"evf-field evf-field-text form-row validate-required\" data-required-field-message=\"Champ requis\" data-field-id=\"name\"><label class=\"evf-field-label\" for=\"evf-129-field_name\"><span class=\"evf-label\">Nom<\/span> <abbr class=\"required\" title=\"Required\">*<\/abbr><\/label><input type=\"text\" id=\"evf-129-field_name\" class=\"input-text\" name=\"everest_forms[form_fields][name]\" required><\/div><div id=\"evf-129-field_email-container\" class=\"evf-field evf-field-email form-row validate-required validate-email\" data-required-field-message=\"Please enter a valid email address.\" data-field-id=\"email\"><label class=\"evf-field-label\" for=\"evf-129-field_email\"><span class=\"evf-label\">Email<\/span> <abbr class=\"required\" title=\"Required\">*<\/abbr><\/label><input type=\"email\" id=\"evf-129-field_email\" class=\"input-text\" name=\"everest_forms[form_fields][email]\" required><\/div><div id=\"evf-129-field_message-container\" class=\"evf-field evf-field-textarea form-row\" data-field-id=\"message\"><label class=\"evf-field-label\" for=\"evf-129-field_message\"><span class=\"evf-label\">Message<\/span> <\/label><textarea id=\"evf-129-field_message\" class=\"input-text\" name=\"everest_forms[form_fields][message]\" ><\/textarea><\/div><\/div><\/div><\/div><div class=\"evf-honeypot-container evf-field-hp\"><label for=\"evf-129-field-hp\" class=\"evf-field-label\">Comment<\/label><input type=\"text\" name=\"everest_forms[hp]\" id=\"evf-129-field-hp\" class=\"input-text\"><\/div><div class=\"evf-submit-container \" ><input type=\"hidden\" name=\"everest_forms[id]\" value=\"129\"><input type=\"hidden\" name=\"everest_forms[author]\" value=\"1\"><button type='submit' name='everest_forms[submit]' class='everest-forms-submit-button button evf-submit ' id='evf-submit-129' value='evf-submit' data-process-text=\"Envoi en cours\" conditional_rules='\"\"' conditional_id='evf-submit-129' >Envoyer<\/button><\/div><\/form><\/div><!-- .evf-container --><\/div>\n<\/div>\n\t\t<\/div><\/div><\/div><\/div><\/div><\/div><\/div><\/div><\/div>","protected":false},"excerpt":{"rendered":"<p>Contactez-nous ! Rendez-vous dans la vraie vie\u2026 Une question ? Un projet ? Ou tout simplement envie de nous rencontrer [&hellip;]<\/p>\n","protected":false},"author":1,"featured_media":0,"parent":0,"menu_order":0,"comment_status":"closed","ping_status":"closed","template":"page-templates\/pagebuilder.php","meta":[],"_links":{"self":[{"href":"https:\/\/kn-immo.fr\/index.php\/wp-json\/wp\/v2\/pages\/18"}],"collection":[{"href":"https:\/\/kn-immo.fr\/index.php\/wp-json\/wp\/v2\/pages"}],"about":[{"href":"https:\/\/kn-immo.fr\/index.php\/wp-json\/wp\/v2\/types\/page"}],"author":[{"embeddable":true,"href":"https:\/\/kn-immo.fr\/index.php\/wp-json\/wp\/v2\/users\/1"}],"replies":[{"embeddable":true,"href":"https:\/\/kn-immo.fr\/index.php\/wp-json\/wp\/v2\/comments?post=18"}],"version-history":[{"count":18,"href":"https:\/\/kn-immo.fr\/index.php\/wp-json\/wp\/v2\/pages\/18\/revisions"}],"predecessor-version":[{"id":492,"href":"https:\/\/kn-immo.fr\/index.php\/wp-json\/wp\/v2\/pages\/18\/revisions\/492"}],"wp:attachment":[{"href":"https:\/\/kn-immo.fr\/index.php\/wp-json\/wp\/v2\/media?parent=18"}],"curies":[{"name":"wp","href":"https:\/\/api.w.org\/{rel}","templated":true}]}}