{"id":135,"date":"2017-01-30T03:39:17","date_gmt":"2017-01-30T03:39:17","guid":{"rendered":"https:\/\/demo.themegrill.com\/flash-construction-2\/?page_id=6"},"modified":"2025-02-09T11:50:27","modified_gmt":"2025-02-09T10:50:27","slug":"home","status":"publish","type":"page","link":"https:\/\/kn-immo.fr\/","title":{"rendered":"Accueil"},"content":{"rendered":"<div id=\"pl-135\"  class=\"panel-layout\" ><div id=\"pg-135-0\"  class=\"panel-grid panel-has-style\" ><div class=\"siteorigin-panels-stretch panel-row-style panel-row-style-for-135-0\" data-stretch-type=\"full-stretched\" ><div id=\"pgc-135-0-0\"  class=\"panel-grid-cell\" ><div id=\"panel-135-0-0-0\" class=\"so-panel widget widget_themegrill_flash_slider tg-section tg-slider-widget panel-first-child panel-last-child\" data-index=\"0\" ><div class=\"tg-slider-widget slider-light slider-content-left slider-control-center full-width\">\n\t<div class=\"swiper-container\">\n\t\t<div class=\"swiper-wrapper\">\n\t\t\t\n\t\t\t\t\t<div class=\"swiper-slide\">\n\t\t\t\t\t\t<figure class=\"slider-image\" >\n\t\t\t\t\t\t\t<img width=\"1921\" height=\"800\"\t\t\t\t\t\t\t\t\tsrc=\"https:\/\/kn-immo.fr\/wp-content\/uploads\/2021\/04\/HOME-Slider2-4.jpg\"\n\t\t\t\t\t\t\t\t\talt=\"\"\n\t\t\t\t\t\t\t\t\ttitle=\"\"\/>\n\t\t\t\t\t\t\t<div class=\"overlay\"><\/div>\n\t\t\t\t\t\t<\/figure>\n\t\t\t\t\t\t<div class=\"slider-content\">\n\t\t\t\t\t\t\t<div class=\"tg-container\">\n\t\t\t\t\t\t\t\t<div class=\"caption-title\"><\/div>\n\t\t\t\t\t\t\t\t<div class=\"caption-desc\"><\/div>\n\t\t\t\t\t\t\t\t\t\t\t\t\t\t\t<\/div>\n\t\t\t\t\t\t<\/div>\n\t\t\t\t\t<\/div>\n\n\t\t\t\t\n\t\t\t\t\t<div class=\"swiper-slide\">\n\t\t\t\t\t\t<figure class=\"slider-image\" >\n\t\t\t\t\t\t\t<img width=\"1920\" height=\"800\"\t\t\t\t\t\t\t\t\tsrc=\"https:\/\/kn-immo.fr\/wp-content\/uploads\/2021\/04\/HOME-Slider1-11.jpg\"\n\t\t\t\t\t\t\t\t\talt=\"\"\n\t\t\t\t\t\t\t\t\ttitle=\"\"\/>\n\t\t\t\t\t\t\t<div class=\"overlay\"><\/div>\n\t\t\t\t\t\t<\/figure>\n\t\t\t\t\t\t<div class=\"slider-content\">\n\t\t\t\t\t\t\t<div class=\"tg-container\">\n\t\t\t\t\t\t\t\t<div class=\"caption-title\"><\/div>\n\t\t\t\t\t\t\t\t<div class=\"caption-desc\"><\/div>\n\t\t\t\t\t\t\t\t\t\t\t\t\t\t\t<\/div>\n\t\t\t\t\t\t<\/div>\n\t\t\t\t\t<\/div>\n\n\t\t\t\t\n\t\t\t\t\t<div class=\"swiper-slide\">\n\t\t\t\t\t\t<figure class=\"slider-image\" >\n\t\t\t\t\t\t\t<img width=\"1921\" height=\"800\"\t\t\t\t\t\t\t\t\tsrc=\"https:\/\/kn-immo.fr\/wp-content\/uploads\/2021\/04\/HOME-Slider3-1.jpg\"\n\t\t\t\t\t\t\t\t\talt=\"\"\n\t\t\t\t\t\t\t\t\ttitle=\"\"\/>\n\t\t\t\t\t\t\t<div class=\"overlay\"><\/div>\n\t\t\t\t\t\t<\/figure>\n\t\t\t\t\t\t<div class=\"slider-content\">\n\t\t\t\t\t\t\t<div class=\"tg-container\">\n\t\t\t\t\t\t\t\t<div class=\"caption-title\"><\/div>\n\t\t\t\t\t\t\t\t<div class=\"caption-desc\"><\/div>\n\t\t\t\t\t\t\t\t\t\t\t\t\t\t\t<\/div>\n\t\t\t\t\t\t<\/div>\n\t\t\t\t\t<\/div>\n\n\t\t\t\t\t\t<\/div>\n\t\t<div class=\"swiper-pagination\"><\/div>\n\t\t<div class=\"slider-arrow\">\n\t\t\t<div class=\"swiper-button-next\"><\/div>\n\t\t\t<div class=\"swiper-button-prev\"><\/div>\n\t\t<\/div>\n\t<\/div>\n<\/div>\n<\/div><\/div><\/div><\/div><div id=\"pg-135-1\"  class=\"panel-grid panel-has-style\" ><div class=\"siteorigin-panels-stretch panel-row-style panel-row-style-for-135-1\" data-stretch-type=\"full\" ><div id=\"pgc-135-1-0\"  class=\"panel-grid-cell\" ><div id=\"panel-135-1-0-0\" class=\"so-panel widget widget_themegrill_flash_cta tg-widget call-to-action-section panel-first-child panel-last-child\" data-index=\"1\" ><div class=\"panel-widget-style panel-widget-style-for-135-1-0-0\" ><div class=\"cta-wrapper call-to-action-section-layout-2\">\n\t<div class=\"section-title-wrapper\">\n\t\t\t\t<h3 class=\"section-title\">Vous souhaitez louer, acheter, vendre ?<\/h3>\n\t\t\t<\/div>\n\t\t<div class=\"btn-wrapper\">\n\t\t\t\t\t\t<a class=\"btn\" href=\"https:\/\/kn-immo.fr\/index.php\/contact\/?customize_changeset_uuid=87006949-3b74-488f-bc65-d6f6a975abb2\">Contactez-nous !<\/a>\n\t\t\t<\/div>\n\t<\/div>\n<\/div><\/div><\/div><\/div><\/div><div id=\"pg-135-2\"  class=\"panel-grid panel-has-style\" ><div class=\"siteorigin-panels-stretch panel-row-style panel-row-style-for-135-2\" data-stretch-type=\"full\" ><div id=\"pgc-135-2-0\"  class=\"panel-grid-cell\" ><div id=\"panel-135-2-0-0\" class=\"so-panel widget widget_themegrill_flash_service tg-widget tg-single-service panel-first-child panel-last-child\" data-index=\"2\" ><div class=\"flash_inherit_color panel-widget-style panel-widget-style-for-135-2-0-0\" >\n<div class=\"tg-service-widget tg-service-layout-1\">\n\t<div class=\"service-wrapper\">\n\t\t<div class=\"service-icon-title-wrapper clearfix\">\n\t\t\t\t\t\t\t\t\t<figure class=\"service-image-wrap\"><img src=\"https:\/\/kn-immo.fr\/wp-content\/uploads\/2021\/04\/13ff472f79003fb5bdd08c110938a06dbbf5494a.jpg\" \/><\/figure>\n\t\t\t\t\t\t\t\t\t<h3 class=\"service-title-wrap\">\n\t\t\t\t\t\t\t\t<a href=\"https:\/\/kn-immo.fr\/index.php\/about\/\">\n\t\t\t\tQUI SOMMES-NOUS ?\t\t\t\t\t\t\t\t<\/a>\n\t\t\t\t\t\t\t<\/h3>\n\t\t\t\t\t<\/div>\n\t\t\t\t<div class=\"service-content-wrap\">Avec KN-IMMO, ne cherchez plus le coup de c\u0153ur, c'est lui qui vient \u00e0 vous ! Faire de l'immobilier autrement, c'est \u00eatre \u00e0 votre \u00e9coute pour vous apporter le bien dont vous r\u00eavez ou vous aider \u00e0 vendre ou \u00e0 louer dans les meilleures conditions\u2026<\/div>\n\t\t\t\t\t\t<a class=\"service-more\" href=\"https:\/\/kn-immo.fr\/index.php\/about\/\">Lire la suite.\u2026<\/a>\n\t\t\t<\/div>\n<\/div>\n<\/div><\/div><\/div><div id=\"pgc-135-2-1\"  class=\"panel-grid-cell\" ><div id=\"panel-135-2-1-0\" class=\"so-panel widget widget_themegrill_flash_service tg-widget tg-single-service panel-first-child panel-last-child\" data-index=\"3\" ><div class=\"flash_inherit_color panel-widget-style panel-widget-style-for-135-2-1-0\" >\n<div class=\"tg-service-widget tg-service-layout-1\">\n\t<div class=\"service-wrapper\">\n\t\t<div class=\"service-icon-title-wrapper clearfix\">\n\t\t\t\t\t\t\t\t\t<figure class=\"service-image-wrap\"><img src=\"https:\/\/kn-immo.fr\/wp-content\/uploads\/2021\/05\/Services-KN-IMMO2.jpg\" \/><\/figure>\n\t\t\t\t\t\t\t\t\t<h3 class=\"service-title-wrap\">\n\t\t\t\t\t\t\t\t<a href=\"https:\/\/kn-immo.fr\/index.php\/services\/\">\n\t\t\t\tNOS SERVICES\t\t\t\t\t\t\t\t<\/a>\n\t\t\t\t\t\t\t<\/h3>\n\t\t\t\t\t<\/div>\n\t\t\t\t<div class=\"service-content-wrap\">Notre vocation premi\u00e8re est de vous permettre de vendre, louer ou acheter votre bien immobilier \u00e0 la bonne personne. \nEstimation, home-staging, publication des annonces, organisation des visites, r\u00e9daction des contrats et promesses de vente\u2026nous prenons tout en charge\u2026<\/div>\n\t\t\t\t\t\t<a class=\"service-more\" href=\"https:\/\/kn-immo.fr\/index.php\/services\/\">Lire la suite<\/a>\n\t\t\t<\/div>\n<\/div>\n<\/div><\/div><\/div><div id=\"pgc-135-2-2\"  class=\"panel-grid-cell\" ><div id=\"panel-135-2-2-0\" class=\"so-panel widget widget_themegrill_flash_service tg-widget tg-single-service panel-first-child panel-last-child\" data-index=\"4\" ><div class=\"flash_inherit_color panel-widget-style panel-widget-style-for-135-2-2-0\" >\n<div class=\"tg-service-widget tg-service-layout-1\">\n\t<div class=\"service-wrapper\">\n\t\t<div class=\"service-icon-title-wrapper clearfix\">\n\t\t\t\t\t\t\t\t\t<figure class=\"service-image-wrap\"><img src=\"https:\/\/kn-immo.fr\/wp-content\/uploads\/2021\/04\/458853960bff089ecf9de7368e1fdca67a063c59.jpg\" \/><\/figure>\n\t\t\t\t\t\t\t\t\t<h3 class=\"service-title-wrap\">\n\t\t\t\t\t\t\t\t<a href=\"https:\/\/kn-immo.fr\/index.php\/projects\/\">\n\t\t\t\tNOS ENGAGEMENTS\t\t\t\t\t\t\t\t<\/a>\n\t\t\t\t\t\t\t<\/h3>\n\t\t\t\t\t<\/div>\n\t\t\t\t<div class=\"service-content-wrap\">Vous apporter un service affectif et humain en toute transparence. Vous offrir la qualit\u00e9 et le suivi personnalis\u00e9 d'une agence immobili\u00e8re \u00e0 prix accessibles. Notre relation de travail \u00e9tant ax\u00e9e sur un principe simple : le gagnant\/ gagnant\u2026<\/div>\n\t\t\t\t\t\t<a class=\"service-more\" href=\"https:\/\/kn-immo.fr\/index.php\/projects\/\">Lire la suite<\/a>\n\t\t\t<\/div>\n<\/div>\n<\/div><\/div><\/div><\/div><\/div><div id=\"pg-135-3\"  class=\"panel-grid panel-has-style\" ><div class=\"siteorigin-panels-stretch panel-row-style panel-row-style-for-135-3\" data-stretch-type=\"full\" ><div id=\"pgc-135-3-0\"  class=\"panel-grid-cell\" ><div id=\"panel-135-3-0-0\" class=\"so-panel widget widget_text panel-first-child panel-last-child\" data-index=\"5\" ><div class=\"flash_inherit_color panel-widget-style panel-widget-style-for-135-3-0-0\" >\t\t\t<div class=\"textwidget\"><h2>Pourquoi choisir KN-Immo ?<\/h2>\n<p>Notre force est notre totale ind\u00e9pendance ! Nous sommes \u00e0 m\u00eames non seulement d'expertiser votre bien, mais \u00e9galement de le mettre en valeur dans nos publications. Si vous souhaitez acheter, l\u00e0 encore nous sommes \u00e0 votre \u00e9coute pour vous apporter le bien immobilier dont vous r\u00eavez<\/p><\/div>\n\t\t<\/div><\/div><\/div><div id=\"pgc-135-3-1\"  class=\"panel-grid-cell\" ><div id=\"panel-135-3-1-0\" class=\"so-panel widget widget_themegrill_flash_counter tg-widget tg-single-counter panel-first-child panel-last-child\" data-index=\"6\" ><div class=\"flash_inherit_color panel-widget-style panel-widget-style-for-135-3-1-0\" ><div class=\"fun-facts-section\">\n\t<div class=\"tg-fun-facts-widget tg-fun-facts-layout-2\">\n\t\t<div class=\"fun-facts-wrapper\">\n\t\t\t\t\t\t\t\t\t<span class=\"counter-wrapper\"><span class=\"counter\">10<\/span><i class=\"fa fa-plus\"><\/i><\/span>\n\t\t\t\t\t\t\t\t\t<h3 class=\"fun-facts-title-wrap\">Ann\u00e9es d&#039;exp\u00e9rience<\/h3>\n\t\t\t\t\t<\/div>\n\t<\/div>\n<\/div>\n<\/div><\/div><\/div><div id=\"pgc-135-3-2\"  class=\"panel-grid-cell panel-grid-cell-mobile-last\" ><div id=\"panel-135-3-2-0\" class=\"so-panel widget widget_themegrill_flash_counter tg-widget tg-single-counter panel-first-child panel-last-child\" data-index=\"7\" ><div class=\"flash_inherit_color panel-widget-style panel-widget-style-for-135-3-2-0\" ><div class=\"fun-facts-section\">\n\t<div class=\"tg-fun-facts-widget tg-fun-facts-layout-2\">\n\t\t<div class=\"fun-facts-wrapper\">\n\t\t\t\t\t\t\t\t\t<span class=\"counter-wrapper\"><span class=\"counter\">150<\/span><i class=\"fa fa-plus\"><\/i><\/span>\n\t\t\t\t\t\t\t\t\t<h3 class=\"fun-facts-title-wrap\">Nombre de biens vendus<\/h3>\n\t\t\t\t\t<\/div>\n\t<\/div>\n<\/div>\n<\/div><\/div><\/div><div id=\"pgc-135-3-3\"  class=\"panel-grid-cell panel-grid-cell-empty\" ><\/div><\/div><\/div><div id=\"pg-135-4\"  class=\"panel-grid panel-has-style\" ><div class=\"siteorigin-panels-stretch panel-row-style panel-row-style-for-135-4\" data-stretch-type=\"full-stretched\" ><div id=\"pgc-135-4-0\"  class=\"panel-grid-cell\" ><div id=\"panel-135-4-0-0\" class=\"so-panel widget widget_themegrill_flash_heading tg-widget section-title-wrapper panel-first-child\" data-index=\"8\" ><div class=\"flash_inherit_color panel-widget-style panel-widget-style-for-135-4-0-0\" >\t<h3 class=\"section-title\">BEST OF KN-IMMO 2025\u2026<\/h3>\n<\/div><\/div><div id=\"panel-135-4-0-1\" class=\"so-panel widget widget_themegrill_flash_portfolio tg-section feature-product-section panel-last-child\" data-index=\"9\" ><div class=\"tg-feature-product-layout-2 tg-feature-product-filter-layout\"><div class=\"tg-container\"><div class=\"grid\"><div class=\"tg-column-wrapper\"><div class=\"tg-feature-product-widget element-item uxdesign tg-column-4 construction-projects \" data-category=\"construction-projects \"><figure><img width=\"1536\" height=\"2048\" src=\"https:\/\/kn-immo.fr\/wp-content\/uploads\/2017\/02\/278204916_347980610701298_8747912530386537689_n-1.jpg\" class=\"attachment-full size-full wp-post-image\" alt=\"\" loading=\"lazy\" srcset=\"https:\/\/kn-immo.fr\/wp-content\/uploads\/2017\/02\/278204916_347980610701298_8747912530386537689_n-1.jpg 1536w, https:\/\/kn-immo.fr\/wp-content\/uploads\/2017\/02\/278204916_347980610701298_8747912530386537689_n-1-225x300.jpg 225w, https:\/\/kn-immo.fr\/wp-content\/uploads\/2017\/02\/278204916_347980610701298_8747912530386537689_n-1-768x1024.jpg 768w, https:\/\/kn-immo.fr\/wp-content\/uploads\/2017\/02\/278204916_347980610701298_8747912530386537689_n-1-1152x1536.jpg 1152w\" sizes=\"(max-width: 1536px) 100vw, 1536px\" \/><\/figure><div class=\"featured-image-desc\"><span><a href=\"https:\/\/kn-immo.fr\/index.php\/portoflio\/maison-lomme\/\"><i class=\"fa fa-plus\"><\/i><\/a><\/span><div class=\"feature-inner-block\"><h3 class=\"feature-title-wrap\"><a href=\"https:\/\/kn-immo.fr\/index.php\/portoflio\/maison-lomme\/\">Bondues Top secteur<\/a><\/h3><h4 class=\"feature-desc-wrap\">Bondues- Top secteur en fond de raquette &#8211; 130m2 habitable et jardin bien expose. Magnifique ! Vous pouvez me joindre [&hellip;]<\/h4><\/div><\/div><\/div><div class=\"tg-feature-product-widget element-item uxdesign tg-column-4 construction-projects \" data-category=\"construction-projects \"><figure><img width=\"1536\" height=\"2048\" src=\"https:\/\/kn-immo.fr\/wp-content\/uploads\/2017\/02\/278257939_347985904034102_9132881125028629490_n.jpg\" class=\"attachment-full size-full wp-post-image\" alt=\"\" loading=\"lazy\" srcset=\"https:\/\/kn-immo.fr\/wp-content\/uploads\/2017\/02\/278257939_347985904034102_9132881125028629490_n.jpg 1536w, https:\/\/kn-immo.fr\/wp-content\/uploads\/2017\/02\/278257939_347985904034102_9132881125028629490_n-225x300.jpg 225w, https:\/\/kn-immo.fr\/wp-content\/uploads\/2017\/02\/278257939_347985904034102_9132881125028629490_n-768x1024.jpg 768w, https:\/\/kn-immo.fr\/wp-content\/uploads\/2017\/02\/278257939_347985904034102_9132881125028629490_n-1152x1536.jpg 1152w\" sizes=\"(max-width: 1536px) 100vw, 1536px\" \/><\/figure><div class=\"featured-image-desc\"><span><a href=\"https:\/\/kn-immo.fr\/index.php\/portoflio\/maison-design\/\"><i class=\"fa fa-plus\"><\/i><\/a><\/span><div class=\"feature-inner-block\"><h3 class=\"feature-title-wrap\"><a href=\"https:\/\/kn-immo.fr\/index.php\/portoflio\/maison-design\/\">Lomme, maison des enfants<\/a><\/h3><h4 class=\"feature-desc-wrap\">Lomme, maison des enfants, tr\u00e8s belle maison de type bel-etage de la fin des ann\u00e9es 1940 d\u00e9veloppant pr\u00e8s de 150m2 [&hellip;]<\/h4><\/div><\/div><\/div><div class=\"tg-feature-product-widget element-item uxdesign tg-column-4 construction-projects \" data-category=\"construction-projects \"><figure><img width=\"1536\" height=\"2048\" src=\"https:\/\/kn-immo.fr\/wp-content\/uploads\/2017\/02\/278209368_347986140700745_7551728291995614721_n.jpg\" class=\"attachment-full size-full wp-post-image\" alt=\"\" loading=\"lazy\" srcset=\"https:\/\/kn-immo.fr\/wp-content\/uploads\/2017\/02\/278209368_347986140700745_7551728291995614721_n.jpg 1536w, https:\/\/kn-immo.fr\/wp-content\/uploads\/2017\/02\/278209368_347986140700745_7551728291995614721_n-225x300.jpg 225w, https:\/\/kn-immo.fr\/wp-content\/uploads\/2017\/02\/278209368_347986140700745_7551728291995614721_n-768x1024.jpg 768w, https:\/\/kn-immo.fr\/wp-content\/uploads\/2017\/02\/278209368_347986140700745_7551728291995614721_n-1152x1536.jpg 1152w\" sizes=\"(max-width: 1536px) 100vw, 1536px\" \/><\/figure><div class=\"featured-image-desc\"><span><a href=\"https:\/\/kn-immo.fr\/index.php\/portoflio\/home-design\/\"><i class=\"fa fa-plus\"><\/i><\/a><\/span><div class=\"feature-inner-block\"><h3 class=\"feature-title-wrap\"><a href=\"https:\/\/kn-immo.fr\/index.php\/portoflio\/home-design\/\">Maison en exclusivit\u00e9<\/a><\/h3><h4 class=\"feature-desc-wrap\">Uniquement chez KN immo, venez d\u00e9couvrir cette magnifique maison de la fin des ann\u00e9es 1940 ayant conserv\u00e9 tout son cachet. [&hellip;]<\/h4><\/div><\/div><\/div><div class=\"tg-feature-product-widget element-item uxdesign tg-column-4 construction-projects \" data-category=\"construction-projects \"><figure><img width=\"1536\" height=\"2048\" src=\"https:\/\/kn-immo.fr\/wp-content\/uploads\/2017\/02\/278185221_347986194034073_7354427753235520851_n.jpg\" class=\"attachment-full size-full wp-post-image\" alt=\"\" loading=\"lazy\" srcset=\"https:\/\/kn-immo.fr\/wp-content\/uploads\/2017\/02\/278185221_347986194034073_7354427753235520851_n.jpg 1536w, https:\/\/kn-immo.fr\/wp-content\/uploads\/2017\/02\/278185221_347986194034073_7354427753235520851_n-225x300.jpg 225w, https:\/\/kn-immo.fr\/wp-content\/uploads\/2017\/02\/278185221_347986194034073_7354427753235520851_n-768x1024.jpg 768w, https:\/\/kn-immo.fr\/wp-content\/uploads\/2017\/02\/278185221_347986194034073_7354427753235520851_n-1152x1536.jpg 1152w\" sizes=\"(max-width: 1536px) 100vw, 1536px\" \/><\/figure><div class=\"featured-image-desc\"><span><a href=\"https:\/\/kn-immo.fr\/index.php\/portoflio\/university-building\/\"><i class=\"fa fa-plus\"><\/i><\/a><\/span><div class=\"feature-inner-block\"><h3 class=\"feature-title-wrap\"><a href=\"https:\/\/kn-immo.fr\/index.php\/portoflio\/university-building\/\">Capinghem, les trois ch\u00eanes<\/a><\/h3><h4 class=\"feature-desc-wrap\">Capinghem, les trois ch\u00eanes. Absolument rien \u00e0 pr\u00e9voir ! Toiture neuve, \u00e9lectricit\u00e9 refait \u00e0 neuf, TAE, huisseries, portes et volets [&hellip;]<\/h4><\/div><\/div><\/div><div class=\"tg-feature-product-widget element-item uxdesign tg-column-4 construction-projects \" data-category=\"construction-projects \"><figure><img width=\"850\" height=\"850\" src=\"https:\/\/kn-immo.fr\/wp-content\/uploads\/2017\/02\/carre4.jpg\" class=\"attachment-full size-full wp-post-image\" alt=\"\" loading=\"lazy\" srcset=\"https:\/\/kn-immo.fr\/wp-content\/uploads\/2017\/02\/carre4.jpg 850w, https:\/\/kn-immo.fr\/wp-content\/uploads\/2017\/02\/carre4-300x300.jpg 300w, https:\/\/kn-immo.fr\/wp-content\/uploads\/2017\/02\/carre4-150x150.jpg 150w, https:\/\/kn-immo.fr\/wp-content\/uploads\/2017\/02\/carre4-768x768.jpg 768w\" sizes=\"(max-width: 850px) 100vw, 850px\" \/><\/figure><div class=\"featured-image-desc\"><span><a href=\"https:\/\/kn-immo.fr\/index.php\/portoflio\/bridge-construction\/\"><i class=\"fa fa-plus\"><\/i><\/a><\/span><div class=\"feature-inner-block\"><h3 class=\"feature-title-wrap\"><a href=\"https:\/\/kn-immo.fr\/index.php\/portoflio\/bridge-construction\/\">Maison coup de c\u0153ur<\/a><\/h3><h4 class=\"feature-desc-wrap\">Uniquement chez KN Immo, magnifique maison enti\u00e8rement repens\u00e9e dans un esprit loft, d\u00e9veloppant une impressionnante pi\u00e8ce de vie de 97 [&hellip;]<\/h4><\/div><\/div><\/div><div class=\"tg-feature-product-widget element-item uxdesign tg-column-4 construction-projects \" data-category=\"construction-projects \"><figure><img width=\"568\" height=\"568\" src=\"https:\/\/kn-immo.fr\/wp-content\/uploads\/2017\/02\/carre6.jpg\" class=\"attachment-full size-full wp-post-image\" alt=\"\" loading=\"lazy\" srcset=\"https:\/\/kn-immo.fr\/wp-content\/uploads\/2017\/02\/carre6.jpg 568w, https:\/\/kn-immo.fr\/wp-content\/uploads\/2017\/02\/carre6-300x300.jpg 300w, https:\/\/kn-immo.fr\/wp-content\/uploads\/2017\/02\/carre6-150x150.jpg 150w\" sizes=\"(max-width: 568px) 100vw, 568px\" \/><\/figure><div class=\"featured-image-desc\"><span><a href=\"https:\/\/kn-immo.fr\/index.php\/portoflio\/library-interior-design\/\"><i class=\"fa fa-plus\"><\/i><\/a><\/span><div class=\"feature-inner-block\"><h3 class=\"feature-title-wrap\"><a href=\"https:\/\/kn-immo.fr\/index.php\/portoflio\/library-interior-design\/\">Maison des ann\u00e9es folles<\/a><\/h3><h4 class=\"feature-desc-wrap\">En Exclusivit\u00e9 chez KN Immo, charmante maison de la fin des ann\u00e9es 20, ayant gard\u00e9e son cachet d&#8217;origine et d\u00e9veloppant [&hellip;]<\/h4><\/div><\/div><\/div><div class=\"tg-feature-product-widget element-item uxdesign tg-column-4 construction-projects \" data-category=\"construction-projects \"><figure><img width=\"767\" height=\"767\" src=\"https:\/\/kn-immo.fr\/wp-content\/uploads\/2021\/05\/carre7.jpg\" class=\"attachment-full size-full wp-post-image\" alt=\"\" loading=\"lazy\" srcset=\"https:\/\/kn-immo.fr\/wp-content\/uploads\/2021\/05\/carre7.jpg 767w, https:\/\/kn-immo.fr\/wp-content\/uploads\/2021\/05\/carre7-300x300.jpg 300w, https:\/\/kn-immo.fr\/wp-content\/uploads\/2021\/05\/carre7-150x150.jpg 150w\" sizes=\"(max-width: 767px) 100vw, 767px\" \/><\/figure><div class=\"featured-image-desc\"><span><a href=\"https:\/\/kn-immo.fr\/index.php\/portoflio\/power-plant-project\/\"><i class=\"fa fa-plus\"><\/i><\/a><\/span><div class=\"feature-inner-block\"><h3 class=\"feature-title-wrap\"><a href=\"https:\/\/kn-immo.fr\/index.php\/portoflio\/power-plant-project\/\">Maison avec grandes chambres<\/a><\/h3><h4 class=\"feature-desc-wrap\">En Exclusivit\u00e9 chez KN Immo, charmante maison de la fin des ann\u00e9es 20, ayant gard\u00e9e son cachet d&#8217;origine et d\u00e9veloppant [&hellip;]<\/h4><\/div><\/div><\/div><div class=\"tg-feature-product-widget element-item uxdesign tg-column-4 construction-projects \" data-category=\"construction-projects \"><figure><img width=\"524\" height=\"524\" src=\"https:\/\/kn-immo.fr\/wp-content\/uploads\/2021\/05\/carre8.jpg\" class=\"attachment-full size-full wp-post-image\" alt=\"\" loading=\"lazy\" srcset=\"https:\/\/kn-immo.fr\/wp-content\/uploads\/2021\/05\/carre8.jpg 524w, https:\/\/kn-immo.fr\/wp-content\/uploads\/2021\/05\/carre8-300x300.jpg 300w, https:\/\/kn-immo.fr\/wp-content\/uploads\/2021\/05\/carre8-150x150.jpg 150w\" sizes=\"(max-width: 524px) 100vw, 524px\" \/><\/figure><div class=\"featured-image-desc\"><span><a href=\"https:\/\/kn-immo.fr\/index.php\/portoflio\/railway-construction\/\"><i class=\"fa fa-plus\"><\/i><\/a><\/span><div class=\"feature-inner-block\"><h3 class=\"feature-title-wrap\"><a href=\"https:\/\/kn-immo.fr\/index.php\/portoflio\/railway-construction\/\">Maison atypique<\/a><\/h3><h4 class=\"feature-desc-wrap\">Maison d&#8217;architecte en exclusivit\u00e9 chez KN-IMMO. Nich\u00e9e au c\u0153ur de la campagne cette maison dispose d&#8217;un terrain de 1000m2 expos\u00e9 [&hellip;]<\/h4><\/div><\/div><\/div><\/div><!-- \/.tg-column-wrapper--><\/div><!-- \/.grid --><\/div><!-- \/.tg-container --><\/div><!-- \/.layout div --><\/div><\/div><\/div><\/div><div id=\"pg-135-5\"  class=\"panel-grid panel-has-style\" ><div class=\"so-parallax siteorigin-panels-stretch panel-row-style panel-row-style-for-135-5\" data-stretch-type=\"full\" ><img width=\"1024\" height=\"427\" src=\"https:\/\/kn-immo.fr\/wp-content\/uploads\/2021\/05\/Testi-KN-Immo.jpg\" class=\"attachment-full size-full\" alt=\"\" loading=\"eager\" data-siteorigin-parallax=\"true\" srcset=\"https:\/\/kn-immo.fr\/wp-content\/uploads\/2021\/05\/Testi-KN-Immo.jpg 1024w, https:\/\/kn-immo.fr\/wp-content\/uploads\/2021\/05\/Testi-KN-Immo-300x125.jpg 300w, https:\/\/kn-immo.fr\/wp-content\/uploads\/2021\/05\/Testi-KN-Immo-768x320.jpg 768w\" sizes=\"(max-width: 1024px) 100vw, 1024px\" \/><div id=\"pgc-135-5-0\"  class=\"panel-grid-cell\" ><div id=\"panel-135-5-0-0\" class=\"so-panel widget widget_text panel-first-child\" data-index=\"10\" ><div class=\"flash_inherit_color panel-widget-style panel-widget-style-for-135-5-0-0\" >\t\t\t<div class=\"textwidget\"><h2>Nos clients sont heureux et le disent ! <\/h2>\n<p>Rien de plus \u00e9mouvant pour nous de recueillir les t\u00e9moignages de nos clients satisfaits<\/p><\/div>\n\t\t<\/div><\/div><div id=\"panel-135-5-0-1\" class=\"so-panel widget widget_themegrill_flash_testimonial tg-section testimonial-section panel-last-child\" data-index=\"11\" ><div class=\"tg-testimonial-widget\">\n\t<div class=\"testimonial-container swiper-container\">\n\t\t<div class=\"testimonial-wrapper swiper-wrapper\">\n\t\t\t\t\t\t<div class=\"testimonial-slide swiper-slide\">\n\t\t\t\t<div class=\"testimonial-content-wrapper\">\n\t\t\t\t\t<div class=\"testimonial-icon\"><i class=\"fa fa-quote-left\"><\/i> <\/div>\n\t\t\t\t\t\t\t\t\t\t<div class=\"testimonial-content\">Nicolas nous a aid\u00e9s il y a plus de 6 ans dans la recherche de notre maison et nous avons trouv\u00e9 de suite notre bonheur avec nos crit\u00e8res recherch\u00e9s. Agent immobilier est bien plus que son m\u00e9tier.\nC'est une personne attentive, il est tr\u00e8s humain, sympathique et vraiment \u00e0 \u00e9coute de ses clients.\n\n<\/div>\n\t\t\t\t\t\t\t\t\t<\/div>\n\t\t\t\t<div class=\"testimonial-client-detail\">\n\t\t\t\t\t\t\t\t\t\t<div class=\"testimonial-img\"><img src=\"https:\/\/themegrilldemos.com\/flash-construction-v2\/wp-content\/uploads\/sites\/40\/2017\/01\/testimonial-1.jpg\" alt=\"Mr Devrainne.\" \/><\/div>\n\t\t\t\t\t\t\t\t\t\t<div class=\"client-detail-block\">\n\t\t\t\t\t\t\t\t\t\t\t\t<h3 class=\"testimonial-title\">Mr Devrainne.<\/h3>\n\t\t\t\t\t\t\t\t\t\t\t\t\t\t\t\t\t\t<h4 class=\"testimonial-degicnation\">Client KN-IMMO<\/h4>\n\t\t\t\t\t\t\t\t\t\t\t<\/div>\n\t\t\t\t<\/div>\n\t\t\t<\/div>\n\t\t\t\t\t\t<div class=\"testimonial-slide swiper-slide\">\n\t\t\t\t<div class=\"testimonial-content-wrapper\">\n\t\t\t\t\t<div class=\"testimonial-icon\"><i class=\"fa fa-quote-left\"><\/i> <\/div>\n\t\t\t\t\t\t\t\t\t\t<div class=\"testimonial-content\">Il nous a suivis de A \u00e0 Z dans notre projet et jusqu'\u00e0 la signature chez le notaire.\nBref c'est un homme soucieux de son travail. \nEt quand on le connait on voit autrement le m\u00e9tier d'agent immobilier ! Et \u00e0 la moindre occasion nous ferons de nouveau appel \u00e0 lui !\nMon mari et moi-m\u00eame recommandons son travail les yeux ferm\u00e9s.\n\n<\/div>\n\t\t\t\t\t\t\t\t\t<\/div>\n\t\t\t\t<div class=\"testimonial-client-detail\">\n\t\t\t\t\t\t\t\t\t\t<div class=\"testimonial-img\"><img src=\"https:\/\/themegrilldemos.com\/flash-construction-v2\/wp-content\/uploads\/sites\/40\/2017\/01\/testimonial-2.jpg\" alt=\"Mme Devrainne.\" \/><\/div>\n\t\t\t\t\t\t\t\t\t\t<div class=\"client-detail-block\">\n\t\t\t\t\t\t\t\t\t\t\t\t<h3 class=\"testimonial-title\">Mme Devrainne.<\/h3>\n\t\t\t\t\t\t\t\t\t\t\t\t\t\t\t\t\t\t<h4 class=\"testimonial-degicnation\">cliente KN-IMMO<\/h4>\n\t\t\t\t\t\t\t\t\t\t\t<\/div>\n\t\t\t\t<\/div>\n\t\t\t<\/div>\n\t\t\t\t\t<\/div>\n\t\t<div class=\"swiper-pagination testimonial-pager\"><\/div>\n\t<\/div>\n<\/div>\n<\/div><\/div><\/div><\/div><\/div>","protected":false},"excerpt":{"rendered":"<p>Pourquoi choisir KN-Immo ? Notre force est notre totale ind\u00e9pendance ! Nous sommes \u00e0 m\u00eames non seulement d&#8217;expertiser votre bien, [&hellip;]<\/p>\n","protected":false},"author":1,"featured_media":0,"parent":0,"menu_order":0,"comment_status":"closed","ping_status":"closed","template":"page-templates\/pagebuilder.php","meta":[],"_links":{"self":[{"href":"https:\/\/kn-immo.fr\/index.php\/wp-json\/wp\/v2\/pages\/135"}],"collection":[{"href":"https:\/\/kn-immo.fr\/index.php\/wp-json\/wp\/v2\/pages"}],"about":[{"href":"https:\/\/kn-immo.fr\/index.php\/wp-json\/wp\/v2\/types\/page"}],"author":[{"embeddable":true,"href":"https:\/\/kn-immo.fr\/index.php\/wp-json\/wp\/v2\/users\/1"}],"replies":[{"embeddable":true,"href":"https:\/\/kn-immo.fr\/index.php\/wp-json\/wp\/v2\/comments?post=135"}],"version-history":[{"count":125,"href":"https:\/\/kn-immo.fr\/index.php\/wp-json\/wp\/v2\/pages\/135\/revisions"}],"predecessor-version":[{"id":671,"href":"https:\/\/kn-immo.fr\/index.php\/wp-json\/wp\/v2\/pages\/135\/revisions\/671"}],"wp:attachment":[{"href":"https:\/\/kn-immo.fr\/index.php\/wp-json\/wp\/v2\/media?parent=135"}],"curies":[{"name":"wp","href":"https:\/\/api.w.org\/{rel}","templated":true}]}}