{"id":12,"date":"2017-01-30T03:40:10","date_gmt":"2017-01-30T03:40:10","guid":{"rendered":"https:\/\/demo.themegrill.com\/flash-construction-2\/?page_id=12"},"modified":"2021-06-17T08:52:50","modified_gmt":"2021-06-17T06:52:50","slug":"projects","status":"publish","type":"page","link":"https:\/\/kn-immo.fr\/index.php\/projects\/","title":{"rendered":"Nos engagements"},"content":{"rendered":"<div id=\"pl-12\"  class=\"panel-layout\" ><div id=\"pg-12-0\"  class=\"panel-grid panel-has-style\" ><div class=\"siteorigin-panels-stretch panel-row-style panel-row-style-for-12-0\" data-stretch-type=\"full\" ><div id=\"pgc-12-0-0\"  class=\"panel-grid-cell\" ><div id=\"panel-12-0-0-0\" class=\"so-panel widget widget_siteorigin-panels-builder panel-first-child panel-last-child\" data-index=\"0\" ><div class=\"panel-widget-style panel-widget-style-for-12-0-0-0\" ><div id=\"pl-w60caf13d93272\"  class=\"panel-layout\" ><div id=\"pg-w60caf13d93272-0\"  class=\"panel-grid panel-no-style\" ><div id=\"pgc-w60caf13d93272-0-0\"  class=\"panel-grid-cell\" ><div id=\"panel-w60caf13d93272-0-0-0\" class=\"so-panel widget widget_themegrill_flash_image tg-widget tg-image-widget panel-first-child panel-last-child\" data-index=\"0\" >\t<img src=\"https:\/\/kn-immo.fr\/wp-content\/uploads\/2021\/05\/carre8.jpg\" \/>\n<\/div><\/div><div id=\"pgc-w60caf13d93272-0-1\"  class=\"panel-grid-cell\" ><div id=\"panel-w60caf13d93272-0-1-0\" class=\"so-panel widget widget_text panel-first-child\" data-index=\"1\" ><h3 class=\"widget-title\">Le gagnant-gagnant<\/h3>\t\t\t<div class=\"textwidget\"><p>Kn-Immo fait de l'immobilier autrement en ce sens o\u00f9 nous privil\u00e9gions les \u00e9changes et les valeurs humaines avant de penser b\u00e9n\u00e9fices et r\u00e9mun\u00e9rations.<\/p><p>Pour nous, une bonne transaction immobili\u00e8re passe par la satisfaction de l'ensemble des parties. Le propri\u00e9taire doit \u00eatre satisfait de vendre ou de louer son bien au prix le plus juste et \u00e0 la bonne personne. L'acqu\u00e9reur doit \u00eatre heureux d'acheter ou de louer un bien pour lequel il a eu un vrai coup de c\u0153ur ou qui correspond parfaitement \u00e0 ses crit\u00e8res de s\u00e9lection..<\/p> Enfin, l'agence KN-IMMo tire satisfaction a servir de passerelle entre tous les protagonistes en mettant l'accent sur une relation de travail Gagnant-Gagnante, o\u00f9 chacun y trouve son compte.<\/div>\n\t\t<\/div><div id=\"panel-w60caf13d93272-0-1-1\" class=\"so-panel widget widget_siteorigin-panels-builder panel-last-child\" data-index=\"2\" ><div class=\"panel-widget-style panel-widget-style-for-w60caf13d93272-0-1-1\" ><div id=\"pl-w60c8acf6ddfa7\"  class=\"panel-layout\" ><div id=\"pg-w60c8acf6ddfa7-0\"  class=\"panel-grid panel-no-style\" ><div id=\"pgc-w60c8acf6ddfa7-0-0\"  class=\"panel-grid-cell\" ><div id=\"panel-w60c8acf6ddfa7-0-0-0\" class=\"so-panel widget widget_themegrill_flash_image tg-widget tg-image-widget panel-first-child panel-last-child\" data-index=\"0\" >\t<img src=\"https:\/\/kn-immo.fr\/wp-content\/uploads\/2021\/06\/KN-champ.jpg\" \/>\n<\/div><\/div><div id=\"pgc-w60c8acf6ddfa7-0-1\"  class=\"panel-grid-cell\" ><div id=\"panel-w60c8acf6ddfa7-0-1-0\" class=\"so-panel widget widget_themegrill_flash_image tg-widget tg-image-widget panel-first-child panel-last-child\" data-index=\"1\" >\t<img src=\"https:\/\/kn-immo.fr\/wp-content\/uploads\/2021\/06\/KN-Appart.jpg\" \/>\n<\/div><\/div><\/div><\/div><\/div><\/div><\/div><\/div><div id=\"pg-w60caf13d93272-1\"  class=\"panel-grid panel-no-style\" ><div id=\"pgc-w60caf13d93272-1-0\"  class=\"panel-grid-cell\" ><div id=\"panel-w60caf13d93272-1-0-0\" class=\"so-panel widget widget_text panel-first-child panel-last-child\" data-index=\"3\" >\t\t\t<div class=\"textwidget\"><p>KN-IMMO s&#8217;engage si vous \u00eates propri\u00e9taire de tout mettre en \u0153uvre pour acc\u00e9l\u00e9rer la vente ou la location de votre bien immobilier en tenant compte de vos attentes et vous garantissant une prestation sur-mesure au prix le plus juste. Si vous \u00eatre acqu\u00e9reur. KN-IMMO s&#8217;engage \u00e0 respecter vos crit\u00e8res de s\u00e9lection dans le strict respect du cahier des charges pr\u00e9alablement d\u00e9fini.<\/p>\n<\/div>\n\t\t<\/div><\/div><\/div><div id=\"pg-w60caf13d93272-2\"  class=\"panel-grid panel-no-style\" ><div id=\"pgc-w60caf13d93272-2-0\"  class=\"panel-grid-cell\" ><div id=\"panel-w60caf13d93272-2-0-0\" class=\"so-panel widget widget_themegrill_flash_portfolio tg-section feature-product-section panel-first-child panel-last-child\" data-index=\"4\" ><div class=\"tg-feature-product-layout-3 tg-feature-product-filter-layout\"><div class=\"tg-container\"><div class=\"grid\"><div class=\"tg-column-wrapper\"><div class=\"tg-feature-product-widget element-item uxdesign tg-column-4 construction-projects \" data-category=\"construction-projects \"><figure><img width=\"1536\" height=\"2048\" src=\"https:\/\/kn-immo.fr\/wp-content\/uploads\/2017\/02\/278204916_347980610701298_8747912530386537689_n-1.jpg\" class=\"attachment-full size-full wp-post-image\" alt=\"\" loading=\"lazy\" srcset=\"https:\/\/kn-immo.fr\/wp-content\/uploads\/2017\/02\/278204916_347980610701298_8747912530386537689_n-1.jpg 1536w, https:\/\/kn-immo.fr\/wp-content\/uploads\/2017\/02\/278204916_347980610701298_8747912530386537689_n-1-225x300.jpg 225w, https:\/\/kn-immo.fr\/wp-content\/uploads\/2017\/02\/278204916_347980610701298_8747912530386537689_n-1-768x1024.jpg 768w, https:\/\/kn-immo.fr\/wp-content\/uploads\/2017\/02\/278204916_347980610701298_8747912530386537689_n-1-1152x1536.jpg 1152w\" sizes=\"(max-width: 1536px) 100vw, 1536px\" \/><\/figure><div class=\"featured-image-desc\"><span><a href=\"https:\/\/kn-immo.fr\/index.php\/portoflio\/maison-lomme\/\"><i class=\"fa fa-plus\"><\/i><\/a><\/span><div class=\"feature-inner-block\"><h3 class=\"feature-title-wrap\"><a href=\"https:\/\/kn-immo.fr\/index.php\/portoflio\/maison-lomme\/\">Bondues Top secteur<\/a><\/h3><h4 class=\"feature-desc-wrap\">Bondues- Top secteur en fond de raquette &#8211; 130m2 habitable et jardin bien expose. Magnifique ! Vous pouvez me joindre [&hellip;]<\/h4><\/div><\/div><\/div><div class=\"tg-feature-product-widget element-item uxdesign tg-column-4 construction-projects \" data-category=\"construction-projects \"><figure><img width=\"1536\" height=\"2048\" src=\"https:\/\/kn-immo.fr\/wp-content\/uploads\/2017\/02\/278257939_347985904034102_9132881125028629490_n.jpg\" class=\"attachment-full size-full wp-post-image\" alt=\"\" loading=\"lazy\" srcset=\"https:\/\/kn-immo.fr\/wp-content\/uploads\/2017\/02\/278257939_347985904034102_9132881125028629490_n.jpg 1536w, https:\/\/kn-immo.fr\/wp-content\/uploads\/2017\/02\/278257939_347985904034102_9132881125028629490_n-225x300.jpg 225w, https:\/\/kn-immo.fr\/wp-content\/uploads\/2017\/02\/278257939_347985904034102_9132881125028629490_n-768x1024.jpg 768w, https:\/\/kn-immo.fr\/wp-content\/uploads\/2017\/02\/278257939_347985904034102_9132881125028629490_n-1152x1536.jpg 1152w\" sizes=\"(max-width: 1536px) 100vw, 1536px\" \/><\/figure><div class=\"featured-image-desc\"><span><a href=\"https:\/\/kn-immo.fr\/index.php\/portoflio\/maison-design\/\"><i class=\"fa fa-plus\"><\/i><\/a><\/span><div class=\"feature-inner-block\"><h3 class=\"feature-title-wrap\"><a href=\"https:\/\/kn-immo.fr\/index.php\/portoflio\/maison-design\/\">Lomme, maison des enfants<\/a><\/h3><h4 class=\"feature-desc-wrap\">Lomme, maison des enfants, tr\u00e8s belle maison de type bel-etage de la fin des ann\u00e9es 1940 d\u00e9veloppant pr\u00e8s de 150m2 [&hellip;]<\/h4><\/div><\/div><\/div><div class=\"tg-feature-product-widget element-item uxdesign tg-column-4 construction-projects \" data-category=\"construction-projects \"><figure><img width=\"1536\" height=\"2048\" src=\"https:\/\/kn-immo.fr\/wp-content\/uploads\/2017\/02\/278209368_347986140700745_7551728291995614721_n.jpg\" class=\"attachment-full size-full wp-post-image\" alt=\"\" loading=\"lazy\" srcset=\"https:\/\/kn-immo.fr\/wp-content\/uploads\/2017\/02\/278209368_347986140700745_7551728291995614721_n.jpg 1536w, https:\/\/kn-immo.fr\/wp-content\/uploads\/2017\/02\/278209368_347986140700745_7551728291995614721_n-225x300.jpg 225w, https:\/\/kn-immo.fr\/wp-content\/uploads\/2017\/02\/278209368_347986140700745_7551728291995614721_n-768x1024.jpg 768w, https:\/\/kn-immo.fr\/wp-content\/uploads\/2017\/02\/278209368_347986140700745_7551728291995614721_n-1152x1536.jpg 1152w\" sizes=\"(max-width: 1536px) 100vw, 1536px\" \/><\/figure><div class=\"featured-image-desc\"><span><a href=\"https:\/\/kn-immo.fr\/index.php\/portoflio\/home-design\/\"><i class=\"fa fa-plus\"><\/i><\/a><\/span><div class=\"feature-inner-block\"><h3 class=\"feature-title-wrap\"><a href=\"https:\/\/kn-immo.fr\/index.php\/portoflio\/home-design\/\">Maison en exclusivit\u00e9<\/a><\/h3><h4 class=\"feature-desc-wrap\">Uniquement chez KN immo, venez d\u00e9couvrir cette magnifique maison de la fin des ann\u00e9es 1940 ayant conserv\u00e9 tout son cachet. [&hellip;]<\/h4><\/div><\/div><\/div><div class=\"tg-feature-product-widget element-item uxdesign tg-column-4 construction-projects \" data-category=\"construction-projects \"><figure><img width=\"1536\" height=\"2048\" src=\"https:\/\/kn-immo.fr\/wp-content\/uploads\/2017\/02\/278185221_347986194034073_7354427753235520851_n.jpg\" class=\"attachment-full size-full wp-post-image\" alt=\"\" loading=\"lazy\" srcset=\"https:\/\/kn-immo.fr\/wp-content\/uploads\/2017\/02\/278185221_347986194034073_7354427753235520851_n.jpg 1536w, https:\/\/kn-immo.fr\/wp-content\/uploads\/2017\/02\/278185221_347986194034073_7354427753235520851_n-225x300.jpg 225w, https:\/\/kn-immo.fr\/wp-content\/uploads\/2017\/02\/278185221_347986194034073_7354427753235520851_n-768x1024.jpg 768w, https:\/\/kn-immo.fr\/wp-content\/uploads\/2017\/02\/278185221_347986194034073_7354427753235520851_n-1152x1536.jpg 1152w\" sizes=\"(max-width: 1536px) 100vw, 1536px\" \/><\/figure><div class=\"featured-image-desc\"><span><a href=\"https:\/\/kn-immo.fr\/index.php\/portoflio\/university-building\/\"><i class=\"fa fa-plus\"><\/i><\/a><\/span><div class=\"feature-inner-block\"><h3 class=\"feature-title-wrap\"><a href=\"https:\/\/kn-immo.fr\/index.php\/portoflio\/university-building\/\">Capinghem, les trois ch\u00eanes<\/a><\/h3><h4 class=\"feature-desc-wrap\">Capinghem, les trois ch\u00eanes. Absolument rien \u00e0 pr\u00e9voir ! Toiture neuve, \u00e9lectricit\u00e9 refait \u00e0 neuf, TAE, huisseries, portes et volets [&hellip;]<\/h4><\/div><\/div><\/div><div class=\"tg-feature-product-widget element-item uxdesign tg-column-4 construction-projects \" data-category=\"construction-projects \"><figure><img width=\"850\" height=\"850\" src=\"https:\/\/kn-immo.fr\/wp-content\/uploads\/2017\/02\/carre4.jpg\" class=\"attachment-full size-full wp-post-image\" alt=\"\" loading=\"lazy\" srcset=\"https:\/\/kn-immo.fr\/wp-content\/uploads\/2017\/02\/carre4.jpg 850w, https:\/\/kn-immo.fr\/wp-content\/uploads\/2017\/02\/carre4-300x300.jpg 300w, https:\/\/kn-immo.fr\/wp-content\/uploads\/2017\/02\/carre4-150x150.jpg 150w, https:\/\/kn-immo.fr\/wp-content\/uploads\/2017\/02\/carre4-768x768.jpg 768w\" sizes=\"(max-width: 850px) 100vw, 850px\" \/><\/figure><div class=\"featured-image-desc\"><span><a href=\"https:\/\/kn-immo.fr\/index.php\/portoflio\/bridge-construction\/\"><i class=\"fa fa-plus\"><\/i><\/a><\/span><div class=\"feature-inner-block\"><h3 class=\"feature-title-wrap\"><a href=\"https:\/\/kn-immo.fr\/index.php\/portoflio\/bridge-construction\/\">Maison coup de c\u0153ur<\/a><\/h3><h4 class=\"feature-desc-wrap\">Uniquement chez KN Immo, magnifique maison enti\u00e8rement repens\u00e9e dans un esprit loft, d\u00e9veloppant une impressionnante pi\u00e8ce de vie de 97 [&hellip;]<\/h4><\/div><\/div><\/div><div class=\"tg-feature-product-widget element-item uxdesign tg-column-4 construction-projects \" data-category=\"construction-projects \"><figure><img width=\"568\" height=\"568\" src=\"https:\/\/kn-immo.fr\/wp-content\/uploads\/2017\/02\/carre6.jpg\" class=\"attachment-full size-full wp-post-image\" alt=\"\" loading=\"lazy\" srcset=\"https:\/\/kn-immo.fr\/wp-content\/uploads\/2017\/02\/carre6.jpg 568w, https:\/\/kn-immo.fr\/wp-content\/uploads\/2017\/02\/carre6-300x300.jpg 300w, https:\/\/kn-immo.fr\/wp-content\/uploads\/2017\/02\/carre6-150x150.jpg 150w\" sizes=\"(max-width: 568px) 100vw, 568px\" \/><\/figure><div class=\"featured-image-desc\"><span><a href=\"https:\/\/kn-immo.fr\/index.php\/portoflio\/library-interior-design\/\"><i class=\"fa fa-plus\"><\/i><\/a><\/span><div class=\"feature-inner-block\"><h3 class=\"feature-title-wrap\"><a href=\"https:\/\/kn-immo.fr\/index.php\/portoflio\/library-interior-design\/\">Maison des ann\u00e9es folles<\/a><\/h3><h4 class=\"feature-desc-wrap\">En Exclusivit\u00e9 chez KN Immo, charmante maison de la fin des ann\u00e9es 20, ayant gard\u00e9e son cachet d&#8217;origine et d\u00e9veloppant [&hellip;]<\/h4><\/div><\/div><\/div><div class=\"tg-feature-product-widget element-item uxdesign tg-column-4 construction-projects \" data-category=\"construction-projects \"><figure><img width=\"767\" height=\"767\" src=\"https:\/\/kn-immo.fr\/wp-content\/uploads\/2021\/05\/carre7.jpg\" class=\"attachment-full size-full wp-post-image\" alt=\"\" loading=\"lazy\" srcset=\"https:\/\/kn-immo.fr\/wp-content\/uploads\/2021\/05\/carre7.jpg 767w, https:\/\/kn-immo.fr\/wp-content\/uploads\/2021\/05\/carre7-300x300.jpg 300w, https:\/\/kn-immo.fr\/wp-content\/uploads\/2021\/05\/carre7-150x150.jpg 150w\" sizes=\"(max-width: 767px) 100vw, 767px\" \/><\/figure><div class=\"featured-image-desc\"><span><a href=\"https:\/\/kn-immo.fr\/index.php\/portoflio\/power-plant-project\/\"><i class=\"fa fa-plus\"><\/i><\/a><\/span><div class=\"feature-inner-block\"><h3 class=\"feature-title-wrap\"><a href=\"https:\/\/kn-immo.fr\/index.php\/portoflio\/power-plant-project\/\">Maison avec grandes chambres<\/a><\/h3><h4 class=\"feature-desc-wrap\">En Exclusivit\u00e9 chez KN Immo, charmante maison de la fin des ann\u00e9es 20, ayant gard\u00e9e son cachet d&#8217;origine et d\u00e9veloppant [&hellip;]<\/h4><\/div><\/div><\/div><div class=\"tg-feature-product-widget element-item uxdesign tg-column-4 construction-projects \" data-category=\"construction-projects \"><figure><img width=\"524\" height=\"524\" src=\"https:\/\/kn-immo.fr\/wp-content\/uploads\/2021\/05\/carre8.jpg\" class=\"attachment-full size-full wp-post-image\" alt=\"\" loading=\"lazy\" srcset=\"https:\/\/kn-immo.fr\/wp-content\/uploads\/2021\/05\/carre8.jpg 524w, https:\/\/kn-immo.fr\/wp-content\/uploads\/2021\/05\/carre8-300x300.jpg 300w, https:\/\/kn-immo.fr\/wp-content\/uploads\/2021\/05\/carre8-150x150.jpg 150w\" sizes=\"(max-width: 524px) 100vw, 524px\" \/><\/figure><div class=\"featured-image-desc\"><span><a href=\"https:\/\/kn-immo.fr\/index.php\/portoflio\/railway-construction\/\"><i class=\"fa fa-plus\"><\/i><\/a><\/span><div class=\"feature-inner-block\"><h3 class=\"feature-title-wrap\"><a href=\"https:\/\/kn-immo.fr\/index.php\/portoflio\/railway-construction\/\">Maison atypique<\/a><\/h3><h4 class=\"feature-desc-wrap\">Maison d&#8217;architecte en exclusivit\u00e9 chez KN-IMMO. Nich\u00e9e au c\u0153ur de la campagne cette maison dispose d&#8217;un terrain de 1000m2 expos\u00e9 [&hellip;]<\/h4><\/div><\/div><\/div><\/div><!-- \/.tg-column-wrapper--><\/div><!-- \/.grid --><\/div><!-- \/.tg-container --><\/div><!-- \/.layout div --><\/div><\/div><\/div><\/div><\/div><\/div><\/div><\/div><\/div><div id=\"pg-12-1\"  class=\"panel-grid panel-has-style\" ><div class=\"siteorigin-panels-stretch panel-row-style panel-row-style-for-12-1\" data-stretch-type=\"full\" ><div id=\"pgc-12-1-0\"  class=\"panel-grid-cell\" ><div id=\"panel-12-1-0-0\" class=\"so-panel widget widget_themegrill_flash_cta tg-widget call-to-action-section panel-first-child panel-last-child\" data-index=\"1\" ><div class=\"cta-wrapper call-to-action-section-layout-2\">\n\t<div class=\"section-title-wrapper\">\n\t\t\t\t<h3 class=\"section-title\">Une question ? un conseil ? Un projet ?<\/h3>\n\t\t\t<\/div>\n\t\t<div class=\"btn-wrapper\">\n\t\t\t\t<a class=\"btn\" href=\"https:\/\/themegrilldemos.com\/flash-construction-v2\/services\/\">Contactez-nous !<\/a>\n\t\t\t\t\t<\/div>\n\t<\/div>\n<\/div><\/div><\/div><\/div><\/div>","protected":false},"excerpt":{"rendered":"<p>Le gagnant-gagnant Kn-Immo fait de l&#8217;immobilier autrement en ce sens o\u00f9 nous privil\u00e9gions les \u00e9changes et les valeurs humaines avant [&hellip;]<\/p>\n","protected":false},"author":1,"featured_media":0,"parent":0,"menu_order":0,"comment_status":"closed","ping_status":"closed","template":"page-templates\/pagebuilder.php","meta":[],"_links":{"self":[{"href":"https:\/\/kn-immo.fr\/index.php\/wp-json\/wp\/v2\/pages\/12"}],"collection":[{"href":"https:\/\/kn-immo.fr\/index.php\/wp-json\/wp\/v2\/pages"}],"about":[{"href":"https:\/\/kn-immo.fr\/index.php\/wp-json\/wp\/v2\/types\/page"}],"author":[{"embeddable":true,"href":"https:\/\/kn-immo.fr\/index.php\/wp-json\/wp\/v2\/users\/1"}],"replies":[{"embeddable":true,"href":"https:\/\/kn-immo.fr\/index.php\/wp-json\/wp\/v2\/comments?post=12"}],"version-history":[{"count":22,"href":"https:\/\/kn-immo.fr\/index.php\/wp-json\/wp\/v2\/pages\/12\/revisions"}],"predecessor-version":[{"id":505,"href":"https:\/\/kn-immo.fr\/index.php\/wp-json\/wp\/v2\/pages\/12\/revisions\/505"}],"wp:attachment":[{"href":"https:\/\/kn-immo.fr\/index.php\/wp-json\/wp\/v2\/media?parent=12"}],"curies":[{"name":"wp","href":"https:\/\/api.w.org\/{rel}","templated":true}]}}