{"id":10,"date":"2017-01-30T03:39:51","date_gmt":"2017-01-30T03:39:51","guid":{"rendered":"https:\/\/demo.themegrill.com\/flash-construction-2\/?page_id=10"},"modified":"2021-06-15T14:47:01","modified_gmt":"2021-06-15T12:47:01","slug":"services","status":"publish","type":"page","link":"https:\/\/kn-immo.fr\/index.php\/services\/","title":{"rendered":"Nos services"},"content":{"rendered":"<div id=\"pl-10\"  class=\"panel-layout\" ><div id=\"pg-10-0\"  class=\"panel-grid panel-has-style\" ><div class=\"siteorigin-panels-stretch panel-row-style panel-row-style-for-10-0\" data-stretch-type=\"full\" ><div id=\"pgc-10-0-0\"  class=\"panel-grid-cell\" ><div id=\"panel-10-0-0-0\" class=\"so-panel widget widget_siteorigin-panels-builder panel-first-child panel-last-child\" data-index=\"0\" ><div id=\"pl-w60c8a145b97a6\"  class=\"panel-layout\" ><div id=\"pg-w60c8a145b97a6-0\"  class=\"panel-grid panel-no-style\" ><div id=\"pgc-w60c8a145b97a6-0-0\"  class=\"panel-grid-cell\" ><div id=\"panel-w60c8a145b97a6-0-0-0\" class=\"so-panel widget widget_themegrill_flash_heading tg-widget section-title-wrapper panel-first-child panel-last-child\" data-index=\"0\" >\t<h3 class=\"section-title\">Les services KN-IMMO<\/h3>\n<\/div><\/div><\/div><div id=\"pg-w60c8a145b97a6-1\"  class=\"panel-grid panel-has-style\" ><div class=\"panel-row-style panel-row-style-for-w60c8a145b97a6-1\" ><div id=\"pgc-w60c8a145b97a6-1-0\"  class=\"panel-grid-cell\" ><div id=\"panel-w60c8a145b97a6-1-0-0\" class=\"so-panel widget widget_text panel-first-child panel-last-child\" data-index=\"1\" >\t\t\t<div class=\"textwidget\"><p>KN-IMMO a la particularit\u00e9 de vous proposer un service sur-mesure parfaitement adapt\u00e9 \u00e0 vos attentes. Pour cela, nous commen\u00e7ons par vous \u00e9couter pour comprendre toutes les facettes de votre projet immobilier.<\/p>\nNous vous proposons ensuite des outils et services tr\u00e8s utiles pour mettre en valeur votre bien si vous \u00eates propri\u00e9taire ou pour trouver la perle rare si vous \u00eates acheteur, bailleur ou locataire\u2026<\/div>\n\t\t<\/div><\/div><div id=\"pgc-w60c8a145b97a6-1-1\"  class=\"panel-grid-cell\" ><div id=\"panel-w60c8a145b97a6-1-1-0\" class=\"so-panel widget widget_text panel-first-child panel-last-child\" data-index=\"2\" >\t\t\t<div class=\"textwidget\"><p>Faire de l'immobilier autrement, c'est prendre en compte le facteur humain en vous apportant le service que vous souhaitez\u2026<\/p>\nBesoin de vendre ou louer rapidement ? Envie de d\u00e9m\u00e9nager et de trouver votre maison coup de c\u0153ur ? Nous sommes l\u00e0 pour vous\u2026\n<\/div>\n\t\t<\/div><\/div><\/div><\/div><div id=\"pg-w60c8a145b97a6-2\"  class=\"panel-grid panel-no-style\" ><div id=\"pgc-w60c8a145b97a6-2-0\"  class=\"panel-grid-cell\" ><div id=\"panel-w60c8a145b97a6-2-0-0\" class=\"so-panel widget widget_media_image panel-first-child panel-last-child\" data-index=\"3\" ><img width=\"300\" height=\"188\" src=\"https:\/\/kn-immo.fr\/wp-content\/uploads\/2021\/05\/Services-KN-IMMO2-300x188.jpg\" class=\"image wp-image-319  attachment-medium size-medium\" alt=\"\" loading=\"lazy\" style=\"max-width: 100%; height: auto;\" srcset=\"https:\/\/kn-immo.fr\/wp-content\/uploads\/2021\/05\/Services-KN-IMMO2-300x188.jpg 300w, https:\/\/kn-immo.fr\/wp-content\/uploads\/2021\/05\/Services-KN-IMMO2-768x480.jpg 768w, https:\/\/kn-immo.fr\/wp-content\/uploads\/2021\/05\/Services-KN-IMMO2.jpg 800w\" sizes=\"(max-width: 300px) 100vw, 300px\" \/><\/div><\/div><div id=\"pgc-w60c8a145b97a6-2-1\"  class=\"panel-grid-cell panel-grid-cell-empty panel-grid-cell-mobile-last\" ><\/div><div id=\"pgc-w60c8a145b97a6-2-2\"  class=\"panel-grid-cell panel-grid-cell-empty\" ><\/div><\/div><div id=\"pg-w60c8a145b97a6-3\"  class=\"panel-grid panel-has-style\" ><div class=\"panel-row-style panel-row-style-for-w60c8a145b97a6-3\" ><div id=\"pgc-w60c8a145b97a6-3-0\"  class=\"panel-grid-cell\" ><div id=\"panel-w60c8a145b97a6-3-0-0\" class=\"so-panel widget widget_themegrill_flash_service tg-widget tg-single-service panel-first-child panel-last-child\" data-index=\"4\" >\n<div class=\"tg-service-widget tg-service-layout-1\">\n\t<div class=\"service-wrapper\">\n\t\t<div class=\"service-icon-title-wrapper clearfix\">\n\t\t\t\t\t\t<div class=\"service-icon-wrap\"><i class=\"fa fa-cogs\"><\/i><\/div>\n\t\t\t\t\t\t\t\t\t\t\t\t<h3 class=\"service-title-wrap\">\n\t\t\t\tEstimation immobili\u00e8re\t\t\t\t\t\t\t<\/h3>\n\t\t\t\t\t<\/div>\n\t\t\t\t<div class=\"service-content-wrap\">En mati\u00e8re de vente immobili\u00e8re tout commence par une estimation juste et affin\u00e9e de votre bien. Cette estimation permet de vous projeter et de concr\u00e9tiser votre projet immobilier. Une estimation trop \u00e9lev\u00e9e peut donc compromettre non seulement l'achat de votre bien, mais \u00e9galement votre projet futur, si vous projetez d'acheter un autre bien en vous basant sur cette estimation. <\/div>\n\t\t\t\t\t<\/div>\n<\/div>\n<\/div><\/div><div id=\"pgc-w60c8a145b97a6-3-1\"  class=\"panel-grid-cell\" ><div id=\"panel-w60c8a145b97a6-3-1-0\" class=\"so-panel widget widget_themegrill_flash_service tg-widget tg-single-service panel-first-child panel-last-child\" data-index=\"5\" >\n<div class=\"tg-service-widget tg-service-layout-1\">\n\t<div class=\"service-wrapper\">\n\t\t<div class=\"service-icon-title-wrapper clearfix\">\n\t\t\t\t\t\t<div class=\"service-icon-wrap\"><i class=\"fa fa-building-o\"><\/i><\/div>\n\t\t\t\t\t\t\t\t\t\t\t\t<h3 class=\"service-title-wrap\">\n\t\t\t\tGestion immobili\u00e8re\t\t\t\t\t\t\t<\/h3>\n\t\t\t\t\t<\/div>\n\t\t\t\t<div class=\"service-content-wrap\">La gestion immobili\u00e8re consiste en premier lieu \u00e0 s\u00e9curiser juridiquement votre projet immobilier en r\u00e9digeant des contrats de ventes, locations, bails pr\u00e9cis et en vous proposant des \u00e9tats des lieux certifi\u00e9s. C'est ensuite vous permettre de mettre en avant votre bien par la r\u00e9daction des annonces et la cr\u00e9ation des outils publicitaires capables d'\u00e9veiller la curiosit\u00e9 des futurs acqu\u00e9reurs. N'h\u00e9sitez pas \u00e0 nous contacter, car un service sur-mesure commence par une \u00e9coute attentive de votre projet\u2026<\/div>\n\t\t\t\t\t<\/div>\n<\/div>\n<\/div><\/div><div id=\"pgc-w60c8a145b97a6-3-2\"  class=\"panel-grid-cell\" ><div id=\"panel-w60c8a145b97a6-3-2-0\" class=\"so-panel widget widget_themegrill_flash_service tg-widget tg-single-service panel-first-child panel-last-child\" data-index=\"6\" >\n<div class=\"tg-service-widget tg-service-layout-1\">\n\t<div class=\"service-wrapper\">\n\t\t<div class=\"service-icon-title-wrapper clearfix\">\n\t\t\t\t\t\t<div class=\"service-icon-wrap\"><i class=\"fa fa-cogs\"><\/i><\/div>\n\t\t\t\t\t\t\t\t\t\t\t\t<h3 class=\"service-title-wrap\">\n\t\t\t\tAchat\/vente immobili\u00e8re\t\t\t\t\t\t\t<\/h3>\n\t\t\t\t\t<\/div>\n\t\t\t\t<div class=\"service-content-wrap\">Vous souhaitez vendre ou acheter une maison\/appartement dans un rayon de 30km autour de Lille ? Faites confiance \u00e0 notre savoir-faire et notre professionnalisme pour organiser les visites et vous faire rencontrer les bonnes personnes, celles attir\u00e9es par votre projet\/bien immobilier ! Car la recette du succ\u00e8s repose sur une chose essentielle : la satisfaction de chacune des parties dans une relation de travail \"gagnant-gagnante\". <\/div>\n\t\t\t\t\t<\/div>\n<\/div>\n<\/div><\/div><\/div><\/div><div id=\"pg-w60c8a145b97a6-4\"  class=\"panel-grid panel-has-style\" ><div class=\"panel-row-style panel-row-style-for-w60c8a145b97a6-4\" ><div id=\"pgc-w60c8a145b97a6-4-0\"  class=\"panel-grid-cell\" ><div id=\"panel-w60c8a145b97a6-4-0-0\" class=\"so-panel widget widget_themegrill_flash_service tg-widget tg-single-service panel-first-child panel-last-child\" data-index=\"7\" >\n<div class=\"tg-service-widget tg-service-layout-1\">\n\t<div class=\"service-wrapper\">\n\t\t<div class=\"service-icon-title-wrapper clearfix\">\n\t\t\t\t\t\t<div class=\"service-icon-wrap\"><i class=\"fa fa-files-o\"><\/i><\/div>\n\t\t\t\t\t\t\t\t\t\t\t\t<h3 class=\"service-title-wrap\">\n\t\t\t\tMise en valeur de votre bien\t\t\t\t\t\t\t<\/h3>\n\t\t\t\t\t<\/div>\n\t\t\t\t<div class=\"service-content-wrap\">Vous regardez la t\u00e9l\u00e9 et donc vous savez \u00e0 quel point la mise en valeur de votre bien est importante pour en faciliter la vente. Le home-staging est dans l'air du temps. Mais pour parvenir au meilleur r\u00e9sultat, mieux vaut se tourner vers des professionnels aguerris. KN-Immo dispose d'un r\u00e9seau de PRO capables de r\u00e9nover, embellir ou simplement relooker \u00e0 moindres frais votre bien immobilier. Petits ou grands travaux\/d\u00e9co ? N'h\u00e9sitez pas \u00e0 nous contacter\u2026<\/div>\n\t\t\t\t\t<\/div>\n<\/div>\n<\/div><\/div><div id=\"pgc-w60c8a145b97a6-4-1\"  class=\"panel-grid-cell\" ><div id=\"panel-w60c8a145b97a6-4-1-0\" class=\"so-panel widget widget_themegrill_flash_service tg-widget tg-single-service panel-first-child panel-last-child\" data-index=\"8\" >\n<div class=\"tg-service-widget tg-service-layout-1\">\n\t<div class=\"service-wrapper\">\n\t\t<div class=\"service-icon-title-wrapper clearfix\">\n\t\t\t\t\t\t<div class=\"service-icon-wrap\"><i class=\"fa fa-paint-brush\"><\/i><\/div>\n\t\t\t\t\t\t\t\t\t\t\t\t<h3 class=\"service-title-wrap\">\n\t\t\t\tVisites 3D\t\t\t\t\t\t\t<\/h3>\n\t\t\t\t\t<\/div>\n\t\t\t\t<div class=\"service-content-wrap\">Pour mettre en valeur votre bien, rien de tels que les outils actuels et modernes de pr\u00e9sentation\u2026 Nous vous proposons de cr\u00e9er gratuitement la visite 3D de votre bien immobilier pour en faciliter la vente. Pour ce faire, nous pouvons r\u00e9aliser des montages photos et vid\u00e9os de votre bien pour cr\u00e9er une vid\u00e9o de pr\u00e9sentation en ligne que nous postons sur notre site et tous les r\u00e9seaux sociaux\u2026 Votre bien instantan\u00e9ment mis en lumi\u00e8re n'en trouvera que plus facilement son futur acqu\u00e9reur. <\/div>\n\t\t\t\t\t<\/div>\n<\/div>\n<\/div><\/div><div id=\"pgc-w60c8a145b97a6-4-2\"  class=\"panel-grid-cell\" ><div id=\"panel-w60c8a145b97a6-4-2-0\" class=\"so-panel widget widget_themegrill_flash_service tg-widget tg-single-service panel-first-child panel-last-child\" data-index=\"9\" >\n<div class=\"tg-service-widget tg-service-layout-1\">\n\t<div class=\"service-wrapper\">\n\t\t<div class=\"service-icon-title-wrapper clearfix\">\n\t\t\t\t\t\t<div class=\"service-icon-wrap\"><i class=\"fa fa-plug\"><\/i><\/div>\n\t\t\t\t\t\t\t\t\t\t\t\t<h3 class=\"service-title-wrap\">\n\t\t\t\tKN-IMMO et ses partenaires\t\t\t\t\t\t\t<\/h3>\n\t\t\t\t\t<\/div>\n\t\t\t\t<div class=\"service-content-wrap\">Kn-Immo, c'est un v\u00e9ritable r\u00e9seau de travailleurs ind\u00e9pendants au service de l'immobilier. Courtier, notaire, experts en communication\u2026 Nous sommes sommes entour\u00e9s des meilleurs professionnels pour vous offrir une prestation de service de haute qualit\u00e9 !<\/div>\n\t\t\t\t\t<\/div>\n<\/div>\n<\/div><\/div><\/div><\/div><\/div><\/div><\/div><\/div><\/div><\/div>","protected":false},"excerpt":{"rendered":"<p>Les services KN-IMMO KN-IMMO a la particularit\u00e9 de vous proposer un service sur-mesure parfaitement adapt\u00e9 \u00e0 vos attentes. Pour cela, [&hellip;]<\/p>\n","protected":false},"author":1,"featured_media":0,"parent":0,"menu_order":0,"comment_status":"closed","ping_status":"closed","template":"page-templates\/pagebuilder.php","meta":[],"_links":{"self":[{"href":"https:\/\/kn-immo.fr\/index.php\/wp-json\/wp\/v2\/pages\/10"}],"collection":[{"href":"https:\/\/kn-immo.fr\/index.php\/wp-json\/wp\/v2\/pages"}],"about":[{"href":"https:\/\/kn-immo.fr\/index.php\/wp-json\/wp\/v2\/types\/page"}],"author":[{"embeddable":true,"href":"https:\/\/kn-immo.fr\/index.php\/wp-json\/wp\/v2\/users\/1"}],"replies":[{"embeddable":true,"href":"https:\/\/kn-immo.fr\/index.php\/wp-json\/wp\/v2\/comments?post=10"}],"version-history":[{"count":36,"href":"https:\/\/kn-immo.fr\/index.php\/wp-json\/wp\/v2\/pages\/10\/revisions"}],"predecessor-version":[{"id":471,"href":"https:\/\/kn-immo.fr\/index.php\/wp-json\/wp\/v2\/pages\/10\/revisions\/471"}],"wp:attachment":[{"href":"https:\/\/kn-immo.fr\/index.php\/wp-json\/wp\/v2\/media?parent=10"}],"curies":[{"name":"wp","href":"https:\/\/api.w.org\/{rel}","templated":true}]}}